{"id":697,"date":"2025-09-26T16:00:39","date_gmt":"2025-09-26T16:00:39","guid":{"rendered":"https:\/\/armentanodesarrollos.com\/?page_id=697"},"modified":"2026-03-09T12:52:23","modified_gmt":"2026-03-09T12:52:23","slug":"bosques-de-maipu","status":"publish","type":"page","link":"https:\/\/armentanodesarrollos.com\/en\/bosques-de-maipu\/","title":{"rendered":"Bosques de Maip\u00fa"},"content":{"rendered":"\t\t<div data-elementor-type=\"wp-page\" data-elementor-id=\"697\" class=\"elementor elementor-697\" data-elementor-post-type=\"page\">\n\t\t\t\t<div class=\"elementor-element elementor-element-29d036c e-con-full e-flex e-con e-parent\" data-id=\"29d036c\" data-element_type=\"container\" data-e-type=\"container\" data-settings=\"{&quot;background_background&quot;:&quot;classic&quot;}\">\n\t\t\t\t<div class=\"elementor-element elementor-element-74b1355 elementor-widget elementor-widget-spacer\" data-id=\"74b1355\" data-element_type=\"widget\" data-e-type=\"widget\" data-widget_type=\"spacer.default\">\n\t\t\t\t<div class=\"elementor-widget-container\">\n\t\t\t\t\t\t\t<div class=\"elementor-spacer\">\n\t\t\t<div class=\"elementor-spacer-inner\"><\/div>\n\t\t<\/div>\n\t\t\t\t\t\t<\/div>\n\t\t\t\t<\/div>\n\t\t\t\t<div class=\"elementor-element elementor-element-672faa7 elementor-widget__width-initial elementor-widget elementor-widget-image\" data-id=\"672faa7\" data-element_type=\"widget\" data-e-type=\"widget\" data-widget_type=\"image.default\">\n\t\t\t\t<div class=\"elementor-widget-container\">\n\t\t\t\t\t\t\t\t\t\t\t\t\t\t\t\t<a href=\"http:\/\/www.armentanodesarrollos.com\" target=\"_blank\">\n\t\t\t\t\t\t\t<img fetchpriority=\"high\" decoding=\"async\" width=\"768\" height=\"205\" src=\"https:\/\/armentanodesarrollos.com\/wp-content\/themes\/woodmart\/images\/lazy.svg\" data-src=\"https:\/\/armentanodesarrollos.com\/wp-content\/uploads\/2025\/09\/landing_bosques-02-768x205.png\" class=\" wd-lazy-fade attachment-medium_large size-medium_large wp-image-699\" alt=\"\" srcset=\"\" data-srcset=\"https:\/\/armentanodesarrollos.com\/wp-content\/uploads\/2025\/09\/landing_bosques-02-768x205.png 768w, https:\/\/armentanodesarrollos.com\/wp-content\/uploads\/2025\/09\/landing_bosques-02-300x80.png 300w, https:\/\/armentanodesarrollos.com\/wp-content\/uploads\/2025\/09\/landing_bosques-02-1024x274.png 1024w, https:\/\/armentanodesarrollos.com\/wp-content\/uploads\/2025\/09\/landing_bosques-02-18x5.png 18w, https:\/\/armentanodesarrollos.com\/wp-content\/uploads\/2025\/09\/landing_bosques-02.png 1407w\" sizes=\"(max-width: 768px) 100vw, 768px\" \/>\t\t\t\t\t\t\t\t<\/a>\n\t\t\t\t\t\t\t\t\t\t\t\t\t\t\t<\/div>\n\t\t\t\t<\/div>\n\t\t\t\t<div class=\"elementor-element elementor-element-b4354a1 elementor-widget__width-initial elementor-widget-mobile__width-initial color-scheme-inherit text-left elementor-widget elementor-widget-text-editor\" data-id=\"b4354a1\" data-element_type=\"widget\" data-e-type=\"widget\" data-widget_type=\"text-editor.default\">\n\t\t\t\t<div class=\"elementor-widget-container\">\n\t\t\t\t\t\t\t\t\t<p data-start=\"258\" data-end=\"355\"><em data-start=\"299\" data-end=\"353\">El primer complejo residencial <strong>ecofriendly<\/strong> de Maip\u00fa.<\/em><\/p>\t\t\t\t\t\t\t\t<\/div>\n\t\t\t\t<\/div>\n\t\t\t\t<div class=\"elementor-element elementor-element-3fcdd2a elementor-widget__width-initial color-scheme-inherit text-left elementor-widget elementor-widget-text-editor\" data-id=\"3fcdd2a\" data-element_type=\"widget\" data-e-type=\"widget\" data-widget_type=\"text-editor.default\">\n\t\t\t\t<div class=\"elementor-widget-container\">\n\t\t\t\t\t\t\t\t\t<p><strong>MICR\u00d3POLIS MAIP\u00da<br \/><\/strong>Primer complejo residencial ecofriendly de Maip\u00fa<\/p>\t\t\t\t\t\t\t\t<\/div>\n\t\t\t\t<\/div>\n\t\t<div class=\"elementor-element elementor-element-4d56a60 e-flex e-con-boxed e-con e-child\" data-id=\"4d56a60\" data-element_type=\"container\" data-e-type=\"container\">\n\t\t\t\t\t<div class=\"e-con-inner\">\n\t\t<div class=\"elementor-element elementor-element-59691d0 e-con-full e-flex e-con e-child\" data-id=\"59691d0\" data-element_type=\"container\" data-e-type=\"container\">\n\t\t\t\t<div class=\"elementor-element elementor-element-9096b10 color-scheme-inherit text-left elementor-widget elementor-widget-text-editor\" data-id=\"9096b10\" data-element_type=\"widget\" data-e-type=\"widget\" data-widget_type=\"text-editor.default\">\n\t\t\t\t<div class=\"elementor-widget-container\">\n\t\t\t\t\t\t\t\t\t<p><strong>70 UNIDADES<\/strong><\/p><p>Desde 60m2<\/p>\t\t\t\t\t\t\t\t<\/div>\n\t\t\t\t<\/div>\n\t\t\t\t<\/div>\n\t\t<div class=\"elementor-element elementor-element-2ac45bc e-con-full e-flex e-con e-child\" data-id=\"2ac45bc\" data-element_type=\"container\" data-e-type=\"container\">\n\t\t\t\t<div class=\"elementor-element elementor-element-e66094b color-scheme-inherit text-left elementor-widget elementor-widget-text-editor\" data-id=\"e66094b\" data-element_type=\"widget\" data-e-type=\"widget\" data-widget_type=\"text-editor.default\">\n\t\t\t\t<div class=\"elementor-widget-container\">\n\t\t\t\t\t\t\t\t\t<p><strong>AMENITIES<\/strong><\/p><p>Seguridad v\u00eda dom\u00f3tica | SUM para eventos | Arbolado y Parquizaci\u00f3n en espacios comunes\u00a0 Amplio estacionamiento | Servicios Ecofriendly<\/p>\t\t\t\t\t\t\t\t<\/div>\n\t\t\t\t<\/div>\n\t\t\t\t<\/div>\n\t\t\t\t\t<\/div>\n\t\t\t\t<\/div>\n\t\t\t\t<div class=\"elementor-element elementor-element-2f06ef2 elementor-widget elementor-widget-html\" data-id=\"2f06ef2\" data-element_type=\"widget\" data-e-type=\"widget\" data-widget_type=\"html.default\">\n\t\t\t\t<div class=\"elementor-widget-container\">\n\t\t\t\t\t<style>\r\n  \/* ======== GALER\u00cdA PRINCIPAL ======== *\/\r\n  .galeria {\r\n    display: grid;\r\n    grid-template-columns: 559px 272px 559px 268px;\r\n    grid-template-rows: 560px 560px;\r\n    gap: 10px;\r\n    justify-content: center;\r\n    max-width: 1680px;\r\n    margin: 0 auto;\r\n    overflow-x: hidden;\r\n  }\r\n\r\n  .galeria a {\r\n    display: block;\r\n    overflow: hidden;\r\n    position: relative;\r\n  }\r\n\r\n  .galeria img {\r\n    width: 100%;\r\n    height: 100%;\r\n    object-fit: cover;\r\n    transition: transform .3s ease;\r\n  }\r\n\r\n  .galeria a:hover img {\r\n    transform: scale(1.05);\r\n  }\r\n\r\n  \/* ======== DISTRIBUCI\u00d3N EXACTA ======== *\/\r\n  .item1 { grid-column: 1 \/ 2; grid-row: 1 \/ 2; }\r\n  .item2 { grid-column: 2 \/ 3; grid-row: 1 \/ 2; height: 272px; }\r\n  .item3 { grid-column: 2 \/ 3; grid-row: 1 \/ 2; margin-top: 282px; height: 272px; }\r\n  .item4 { grid-column: 3 \/ 4; grid-row: 1 \/ 2; }\r\n  .item5 { grid-column: 4 \/ 5; grid-row: 1 \/ 2; }\r\n  .item6 { grid-column: 1 \/ 3; grid-row: 2 \/ 3; }\r\n  .item7 { grid-column: 3 \/ 5; grid-row: 2 \/ 3; }\r\n\r\n  \/* ======== LIGHTBOX CON CARRUSEL ======== *\/\r\n  .lightbox {\r\n    display: none;\r\n    position: fixed;\r\n    z-index: 999;\r\n    left: 0; top: 0;\r\n    width: 100%; height: 100%;\r\n    background: rgba(0,0,0,0.85);\r\n    justify-content: center;\r\n    align-items: center;\r\n  }\r\n\r\n  .lightbox:target {\r\n    display: flex;\r\n  }\r\n\r\n  .lightbox img {\r\n    max-width: 90%;\r\n    max-height: 85%;\r\n    object-fit: contain;\r\n    border-radius: 10px;\r\n  }\r\n\r\n  \/* Botones siguiente y anterior *\/\r\n  .nav-btn {\r\n    position: absolute;\r\n    top: 50%;\r\n    font-size: 2.5rem;\r\n    color: #fff;\r\n    text-decoration: none;\r\n    padding: 10px 20px;\r\n    background: rgba(0,0,0,0.3);\r\n    border-radius: 5px;\r\n    transform: translateY(-50%);\r\n    transition: background .3s;\r\n  }\r\n\r\n  .nav-btn:hover {\r\n    background: rgba(255,255,255,0.3);\r\n  }\r\n\r\n  .prev { left: 5%; }\r\n  .next { right: 5%; }\r\n\r\n  .close {\r\n    position: absolute;\r\n    top: 5%;\r\n    right: 5%;\r\n    font-size: 2rem;\r\n    color: #fff;\r\n    text-decoration: none;\r\n    background: rgba(0,0,0,0.3);\r\n    padding: 5px 12px;\r\n    border-radius: 5px;\r\n  }\r\n\r\n  \/* ======== RESPONSIVE ======== *\/\r\n  @media (max-width: 1024px) {\r\n    .galeria {\r\n      grid-template-columns: repeat(2, 1fr);\r\n      grid-template-rows: auto;\r\n    }\r\n\r\n    .galeria a {\r\n      grid-column: auto !important;\r\n      grid-row: auto !important;\r\n      height: auto;\r\n      aspect-ratio: 1 \/ 1;\r\n    }\r\n\r\n    \/* Elimina el espacio entre la foto 2 y 3 *\/\r\n    .item3 {\r\n      margin-top: 0 !important;\r\n    }\r\n  }\r\n\r\n  @media (max-width: 600px) {\r\n    .galeria {\r\n      grid-template-columns: 1fr;\r\n    }\r\n\r\n    .galeria a {\r\n      height: auto;\r\n      aspect-ratio: 1 \/ 1;\r\n    }\r\n\r\n    \/* Reasegura que no haya separaci\u00f3n en mobile *\/\r\n    .item3 {\r\n      margin-top: 0 !important;\r\n    }\r\n}\r\n<\/style>\r\n\r\n\r\n<div class=\"galeria\">\r\n  <a href=\"#img1\" class=\"item1\"><img decoding=\"async\" src=\"https:\/\/armentanodesarrollos.com\/wp-content\/uploads\/2025\/10\/BosquesMaipu_Mesa-de-trabajo-1-copia-5.png\" alt=\"\"><\/a>\r\n  <a href=\"#img2\" class=\"item2\"><img decoding=\"async\" src=\"https:\/\/armentanodesarrollos.com\/wp-content\/uploads\/2025\/10\/BosquesMaipu-07.png\" alt=\"\"><\/a>\r\n  <a href=\"#img3\" class=\"item3\"><img decoding=\"async\" src=\"https:\/\/armentanodesarrollos.com\/wp-content\/uploads\/2025\/10\/BosquesMaipu-02.png\" alt=\"\"><\/a>\r\n  <a href=\"#img4\" class=\"item4\"><img decoding=\"async\" src=\"https:\/\/armentanodesarrollos.com\/wp-content\/uploads\/2025\/10\/BosquesMaipu-03.png\" alt=\"\"><\/a>\r\n  <a href=\"#img5\" class=\"item5\"><img decoding=\"async\" src=\"https:\/\/armentanodesarrollos.com\/wp-content\/uploads\/2025\/10\/BosquesMaipu-04.png\" alt=\"\"><\/a>\r\n  <a href=\"#img6\" class=\"item6\"><img decoding=\"async\" src=\"https:\/\/armentanodesarrollos.com\/wp-content\/uploads\/2025\/10\/BosquesMaipu-05.png\" alt=\"\"><\/a>\r\n  <a href=\"#img7\" class=\"item7\"><img decoding=\"async\" src=\"https:\/\/armentanodesarrollos.com\/wp-content\/uploads\/2025\/10\/BosquesMaipu-06.png\" alt=\"\"><\/a>\r\n<\/div>\r\n\r\n<!-- Lightbox -->\r\n<div id=\"img1\" class=\"lightbox\"><a href=\"#\"><img decoding=\"async\" src=\"https:\/\/armentanodesarrollos.com\/wp-content\/uploads\/2025\/10\/BosquesMaipu_Mesa-de-trabajo-1-copia-5.png\" alt=\"\"><\/a><\/div>\r\n<div id=\"img2\" class=\"lightbox\"><a href=\"#\"><img decoding=\"async\" src=\"https:\/\/armentanodesarrollos.com\/wp-content\/uploads\/2025\/10\/BosquesMaipu-07.png\" alt=\"\"><\/a><\/div>\r\n<div id=\"img3\" class=\"lightbox\"><a href=\"#\"><img decoding=\"async\" src=\"https:\/\/armentanodesarrollos.com\/wp-content\/uploads\/2025\/10\/BosquesMaipu-02.png\" alt=\"\"><\/a><\/div>\r\n<div id=\"img4\" class=\"lightbox\"><a href=\"#\"><img decoding=\"async\" src=\"https:\/\/armentanodesarrollos.com\/wp-content\/uploads\/2025\/10\/BosquesMaipu-03.png\" alt=\"\"><\/a><\/div>\r\n<div id=\"img5\" class=\"lightbox\"><a href=\"#\"><img decoding=\"async\" src=\"https:\/\/armentanodesarrollos.com\/wp-content\/uploads\/2025\/10\/BosquesMaipu-04.png\" alt=\"\"><\/a><\/div>\r\n<div id=\"img6\" class=\"lightbox\"><a href=\"#\"><img decoding=\"async\" src=\"https:\/\/armentanodesarrollos.com\/wp-content\/uploads\/2025\/10\/BosquesMaipu-05.png\" alt=\"\"><\/a><\/div>\r\n<div id=\"img7\" class=\"lightbox\"><a href=\"#\"><img decoding=\"async\" src=\"https:\/\/armentanodesarrollos.com\/wp-content\/uploads\/2025\/10\/landing_bosques_7.jpg\" alt=\"\"><\/a><\/div>\r\n\t\t\t\t<\/div>\n\t\t\t\t<\/div>\n\t\t\t\t<div class=\"elementor-element elementor-element-c104fdd elementor-widget elementor-widget-spacer\" data-id=\"c104fdd\" data-element_type=\"widget\" data-e-type=\"widget\" data-widget_type=\"spacer.default\">\n\t\t\t\t<div class=\"elementor-widget-container\">\n\t\t\t\t\t\t\t<div class=\"elementor-spacer\">\n\t\t\t<div class=\"elementor-spacer-inner\"><\/div>\n\t\t<\/div>\n\t\t\t\t\t\t<\/div>\n\t\t\t\t<\/div>\n\t\t\t\t<\/div>\n\t\t<div class=\"wd-negative-gap elementor-element elementor-element-8bb6326 wd-section-stretch e-flex e-con-boxed e-con e-parent\" data-id=\"8bb6326\" data-element_type=\"container\" data-e-type=\"container\" data-settings=\"{&quot;background_background&quot;:&quot;classic&quot;}\">\n\t\t\t\t\t<div class=\"e-con-inner\">\n\t\t<div class=\"elementor-element elementor-element-a86d4a9 e-con-full e-flex e-con e-child\" data-id=\"a86d4a9\" data-element_type=\"container\" data-e-type=\"container\">\n\t\t\t\t<div class=\"elementor-element elementor-element-644bea8 elementor-widget elementor-widget-heading\" data-id=\"644bea8\" data-element_type=\"widget\" data-e-type=\"widget\" data-widget_type=\"heading.default\">\n\t\t\t\t<div class=\"elementor-widget-container\">\n\t\t\t\t\t<h2 class=\"elementor-heading-title elementor-size-default\">S\u00c9 PARTE DE<\/h2>\t\t\t\t<\/div>\n\t\t\t\t<\/div>\n\t\t\t\t<div class=\"elementor-element elementor-element-15b3bfb elementor-widget elementor-widget-heading\" data-id=\"15b3bfb\" data-element_type=\"widget\" data-e-type=\"widget\" data-widget_type=\"heading.default\">\n\t\t\t\t<div class=\"elementor-widget-container\">\n\t\t\t\t\t<h2 class=\"elementor-heading-title elementor-size-default\">NUESTRAS MICR\u00d3POLIS<\/h2>\t\t\t\t<\/div>\n\t\t\t\t<\/div>\n\t\t\t\t<\/div>\n\t\t<div class=\"elementor-element elementor-element-c8fd917 e-con-full e-flex e-con e-child\" data-id=\"c8fd917\" data-element_type=\"container\" data-e-type=\"container\">\n\t\t\t\t<div class=\"elementor-element elementor-element-efce626 elementor-button-align-start elementor-widget elementor-widget-form\" data-id=\"efce626\" data-element_type=\"widget\" data-e-type=\"widget\" data-settings=\"{&quot;step_next_label&quot;:&quot;Next&quot;,&quot;step_previous_label&quot;:&quot;Previous&quot;,&quot;button_width&quot;:&quot;100&quot;,&quot;step_type&quot;:&quot;number_text&quot;,&quot;step_icon_shape&quot;:&quot;circle&quot;}\" data-widget_type=\"form.default\">\n\t\t\t\t<div class=\"elementor-widget-container\">\n\t\t\t\t\t\t\t<form class=\"elementor-form\" method=\"post\" name=\"New Form\" aria-label=\"New Form\">\n\t\t\t<input type=\"hidden\" name=\"post_id\" value=\"697\"\/>\n\t\t\t<input type=\"hidden\" name=\"form_id\" value=\"efce626\"\/>\n\t\t\t<input type=\"hidden\" name=\"referer_title\" value=\"Grupo Armentano\" \/>\n\n\t\t\t\n\t\t\t<div class=\"elementor-form-fields-wrapper elementor-labels-above\">\n\t\t\t\t\t\t\t\t<div class=\"elementor-field-type-text elementor-field-group elementor-column elementor-field-group-name elementor-col-100\">\n\t\t\t\t\t\t\t\t\t\t\t\t<label for=\"form-field-name\" class=\"elementor-field-label\">\n\t\t\t\t\t\t\t\tNombre\t\t\t\t\t\t\t<\/label>\n\t\t\t\t\t\t\t\t\t\t\t\t\t\t<input size=\"1\" type=\"text\" name=\"form_fields[name]\" id=\"form-field-name\" class=\"elementor-field elementor-size-sm  elementor-field-textual\">\n\t\t\t\t\t\t\t\t\t\t\t<\/div>\n\t\t\t\t\t\t\t\t<div class=\"elementor-field-type-text elementor-field-group elementor-column elementor-field-group-field_fd5a468 elementor-col-100\">\n\t\t\t\t\t\t\t\t\t\t\t\t<label for=\"form-field-field_fd5a468\" class=\"elementor-field-label\">\n\t\t\t\t\t\t\t\tApellido\t\t\t\t\t\t\t<\/label>\n\t\t\t\t\t\t\t\t\t\t\t\t\t\t<input size=\"1\" type=\"text\" name=\"form_fields[field_fd5a468]\" id=\"form-field-field_fd5a468\" class=\"elementor-field elementor-size-sm  elementor-field-textual\">\n\t\t\t\t\t\t\t\t\t\t\t<\/div>\n\t\t\t\t\t\t\t\t<div class=\"elementor-field-type-email elementor-field-group elementor-column elementor-field-group-email elementor-col-100 elementor-field-required\">\n\t\t\t\t\t\t\t\t\t\t\t\t<label for=\"form-field-email\" class=\"elementor-field-label\">\n\t\t\t\t\t\t\t\tCorreo\t\t\t\t\t\t\t<\/label>\n\t\t\t\t\t\t\t\t\t\t\t\t\t\t<input size=\"1\" type=\"email\" name=\"form_fields[email]\" id=\"form-field-email\" class=\"elementor-field elementor-size-sm  elementor-field-textual\" required=\"required\">\n\t\t\t\t\t\t\t\t\t\t\t<\/div>\n\t\t\t\t\t\t\t\t<div class=\"elementor-field-type-textarea elementor-field-group elementor-column elementor-field-group-message elementor-col-100\">\n\t\t\t\t\t\t\t\t\t\t\t\t<label for=\"form-field-message\" class=\"elementor-field-label\">\n\t\t\t\t\t\t\t\tMensaje\t\t\t\t\t\t\t<\/label>\n\t\t\t\t\t\t<textarea class=\"elementor-field-textual elementor-field  elementor-size-sm\" name=\"form_fields[message]\" id=\"form-field-message\" rows=\"4\"><\/textarea>\t\t\t\t<\/div>\n\t\t\t\t\t\t\t\t<div class=\"elementor-field-group elementor-column elementor-field-type-submit elementor-col-100 e-form__buttons\">\n\t\t\t\t\t<button class=\"elementor-button elementor-size-sm\" type=\"submit\">\n\t\t\t\t\t\t<span class=\"elementor-button-content-wrapper\">\n\t\t\t\t\t\t\t\t\t\t\t\t\t\t\t\t\t\t\t\t\t\t<span class=\"elementor-button-text\">ENVIAR<\/span>\n\t\t\t\t\t\t\t\t\t\t\t\t\t<\/span>\n\t\t\t\t\t<\/button>\n\t\t\t\t<\/div>\n\t\t\t<\/div>\n\t\t<\/form>\n\t\t\t\t\t\t<\/div>\n\t\t\t\t<\/div>\n\t\t\t\t<\/div>\n\t\t<div class=\"elementor-element elementor-element-b9da1f3 e-con-full e-flex e-con e-child\" data-id=\"b9da1f3\" data-element_type=\"container\" data-e-type=\"container\">\n\t\t\t\t<div class=\"elementor-element elementor-element-d6bcd70 elementor-widget elementor-widget-heading\" data-id=\"d6bcd70\" data-element_type=\"widget\" data-e-type=\"widget\" data-widget_type=\"heading.default\">\n\t\t\t\t<div class=\"elementor-widget-container\">\n\t\t\t\t\t<h2 class=\"elementor-heading-title elementor-size-default\">CONTACTO<\/h2>\t\t\t\t<\/div>\n\t\t\t\t<\/div>\n\t\t\t\t<div class=\"elementor-element elementor-element-f29a353 color-scheme-inherit text-left elementor-widget elementor-widget-text-editor\" data-id=\"f29a353\" data-element_type=\"widget\" data-e-type=\"widget\" data-widget_type=\"text-editor.default\">\n\t\t\t\t<div class=\"elementor-widget-container\">\n\t\t\t\t\t\t\t\t\t<p>+54 9 261 711 6638<\/p><p>comercial@armentanodesarrollos.com<\/p>\t\t\t\t\t\t\t\t<\/div>\n\t\t\t\t<\/div>\n\t\t\t\t<div class=\"elementor-element elementor-element-2dda381 color-scheme-inherit text-left elementor-widget elementor-widget-text-editor\" data-id=\"2dda381\" data-element_type=\"widget\" data-e-type=\"widget\" data-widget_type=\"text-editor.default\">\n\t\t\t\t<div class=\"elementor-widget-container\">\n\t\t\t\t\t\t\t\t\t<p>OFICINAS<\/p><p>Padre V\u00e1zquez 468. Maip\u00fa.<\/p><p>Mendoza. Argentina.<\/p>\t\t\t\t\t\t\t\t<\/div>\n\t\t\t\t<\/div>\n\t\t\t\t<div class=\"elementor-element elementor-element-34b747d e-grid-align-left e-grid-align-mobile-center elementor-shape-rounded elementor-grid-0 elementor-widget elementor-widget-social-icons\" data-id=\"34b747d\" data-element_type=\"widget\" data-e-type=\"widget\" data-widget_type=\"social-icons.default\">\n\t\t\t\t<div class=\"elementor-widget-container\">\n\t\t\t\t\t\t\t<div class=\"elementor-social-icons-wrapper elementor-grid\" role=\"list\">\n\t\t\t\t\t\t\t<span class=\"elementor-grid-item\" role=\"listitem\">\n\t\t\t\t\t<a class=\"elementor-icon elementor-social-icon elementor-social-icon-facebook elementor-repeater-item-e33742b\" href=\"https:\/\/www.facebook.com\/grupoarmentano\/\" target=\"_blank\">\n\t\t\t\t\t\t<span class=\"elementor-screen-only\">Facebook<\/span>\n\t\t\t\t\t\t<svg aria-hidden=\"true\" class=\"e-font-icon-svg e-fab-facebook\" viewBox=\"0 0 512 512\" xmlns=\"http:\/\/www.w3.org\/2000\/svg\"><path d=\"M504 256C504 119 393 8 256 8S8 119 8 256c0 123.78 90.69 226.38 209.25 245V327.69h-63V256h63v-54.64c0-62.15 37-96.48 93.67-96.48 27.14 0 55.52 4.84 55.52 4.84v61h-31.28c-30.8 0-40.41 19.12-40.41 38.73V256h68.78l-11 71.69h-57.78V501C413.31 482.38 504 379.78 504 256z\"><\/path><\/svg>\t\t\t\t\t<\/a>\n\t\t\t\t<\/span>\n\t\t\t\t\t\t\t<span class=\"elementor-grid-item\" role=\"listitem\">\n\t\t\t\t\t<a class=\"elementor-icon elementor-social-icon elementor-social-icon-instagram elementor-repeater-item-85a0436\" href=\"https:\/\/www.instagram.com\/armentanodesarrollos\/\" target=\"_blank\">\n\t\t\t\t\t\t<span class=\"elementor-screen-only\">Instagram<\/span>\n\t\t\t\t\t\t<svg aria-hidden=\"true\" class=\"e-font-icon-svg e-fab-instagram\" viewBox=\"0 0 448 512\" xmlns=\"http:\/\/www.w3.org\/2000\/svg\"><path d=\"M224.1 141c-63.6 0-114.9 51.3-114.9 114.9s51.3 114.9 114.9 114.9S339 319.5 339 255.9 287.7 141 224.1 141zm0 189.6c-41.1 0-74.7-33.5-74.7-74.7s33.5-74.7 74.7-74.7 74.7 33.5 74.7 74.7-33.6 74.7-74.7 74.7zm146.4-194.3c0 14.9-12 26.8-26.8 26.8-14.9 0-26.8-12-26.8-26.8s12-26.8 26.8-26.8 26.8 12 26.8 26.8zm76.1 27.2c-1.7-35.9-9.9-67.7-36.2-93.9-26.2-26.2-58-34.4-93.9-36.2-37-2.1-147.9-2.1-184.9 0-35.8 1.7-67.6 9.9-93.9 36.1s-34.4 58-36.2 93.9c-2.1 37-2.1 147.9 0 184.9 1.7 35.9 9.9 67.7 36.2 93.9s58 34.4 93.9 36.2c37 2.1 147.9 2.1 184.9 0 35.9-1.7 67.7-9.9 93.9-36.2 26.2-26.2 34.4-58 36.2-93.9 2.1-37 2.1-147.8 0-184.8zM398.8 388c-7.8 19.6-22.9 34.7-42.6 42.6-29.5 11.7-99.5 9-132.1 9s-102.7 2.6-132.1-9c-19.6-7.8-34.7-22.9-42.6-42.6-11.7-29.5-9-99.5-9-132.1s-2.6-102.7 9-132.1c7.8-19.6 22.9-34.7 42.6-42.6 29.5-11.7 99.5-9 132.1-9s102.7-2.6 132.1 9c19.6 7.8 34.7 22.9 42.6 42.6 11.7 29.5 9 99.5 9 132.1s2.7 102.7-9 132.1z\"><\/path><\/svg>\t\t\t\t\t<\/a>\n\t\t\t\t<\/span>\n\t\t\t\t\t<\/div>\n\t\t\t\t\t\t<\/div>\n\t\t\t\t<\/div>\n\t\t\t\t<div class=\"elementor-element elementor-element-930e4b8 elementor-widget elementor-widget-heading\" data-id=\"930e4b8\" data-element_type=\"widget\" data-e-type=\"widget\" data-widget_type=\"heading.default\">\n\t\t\t\t<div class=\"elementor-widget-container\">\n\t\t\t\t\t<h2 class=\"elementor-heading-title elementor-size-default\">NEWSLETTER<\/h2>\t\t\t\t<\/div>\n\t\t\t\t<\/div>\n\t\t\t\t<div class=\"elementor-element elementor-element-50cb73a elementor-button-align-start elementor-widget__width-initial elementor-widget elementor-widget-form\" data-id=\"50cb73a\" data-element_type=\"widget\" data-e-type=\"widget\" data-settings=\"{&quot;step_next_label&quot;:&quot;Next&quot;,&quot;step_previous_label&quot;:&quot;Previous&quot;,&quot;button_width_mobile&quot;:&quot;100&quot;,&quot;button_width&quot;:&quot;100&quot;,&quot;step_type&quot;:&quot;number_text&quot;,&quot;step_icon_shape&quot;:&quot;circle&quot;}\" data-widget_type=\"form.default\">\n\t\t\t\t<div class=\"elementor-widget-container\">\n\t\t\t\t\t\t\t<form class=\"elementor-form\" method=\"post\" name=\"New Form\" aria-label=\"New Form\">\n\t\t\t<input type=\"hidden\" name=\"post_id\" value=\"697\"\/>\n\t\t\t<input type=\"hidden\" name=\"form_id\" value=\"50cb73a\"\/>\n\t\t\t<input type=\"hidden\" name=\"referer_title\" value=\"Grupo Armentano\" \/>\n\n\t\t\t\n\t\t\t<div class=\"elementor-form-fields-wrapper elementor-labels-above\">\n\t\t\t\t\t\t\t\t<div class=\"elementor-field-type-email elementor-field-group elementor-column elementor-field-group-name elementor-col-100\">\n\t\t\t\t\t\t\t\t\t\t\t\t<label for=\"form-field-name\" class=\"elementor-field-label\">\n\t\t\t\t\t\t\t\tCorreo\t\t\t\t\t\t\t<\/label>\n\t\t\t\t\t\t\t\t\t\t\t\t\t\t<input size=\"1\" type=\"email\" name=\"form_fields[name]\" id=\"form-field-name\" class=\"elementor-field elementor-size-sm  elementor-field-textual\">\n\t\t\t\t\t\t\t\t\t\t\t<\/div>\n\t\t\t\t\t\t\t\t<div class=\"elementor-field-group elementor-column elementor-field-type-submit elementor-col-100 e-form__buttons elementor-sm-100\">\n\t\t\t\t\t<button class=\"elementor-button elementor-size-sm\" type=\"submit\">\n\t\t\t\t\t\t<span class=\"elementor-button-content-wrapper\">\n\t\t\t\t\t\t\t\t\t\t\t\t\t\t\t\t\t\t\t\t\t\t<span class=\"elementor-button-text\">ENVIAR<\/span>\n\t\t\t\t\t\t\t\t\t\t\t\t\t<\/span>\n\t\t\t\t\t<\/button>\n\t\t\t\t<\/div>\n\t\t\t<\/div>\n\t\t<\/form>\n\t\t\t\t\t\t<\/div>\n\t\t\t\t<\/div>\n\t\t\t\t<\/div>\n\t\t\t\t\t<\/div>\n\t\t\t\t<\/div>\n\t\t<div class=\"wd-negative-gap elementor-element elementor-element-219f8b9 wd-section-stretch e-flex e-con-boxed e-con e-parent\" data-id=\"219f8b9\" data-element_type=\"container\" data-e-type=\"container\" data-settings=\"{&quot;background_background&quot;:&quot;classic&quot;}\">\n\t\t\t\t\t<div class=\"e-con-inner\">\n\t\t\t\t<div class=\"elementor-element elementor-element-06415ae color-scheme-inherit text-left elementor-widget elementor-widget-text-editor\" data-id=\"06415ae\" data-element_type=\"widget\" data-e-type=\"widget\" data-widget_type=\"text-editor.default\">\n\t\t\t\t<div class=\"elementor-widget-container\">\n\t\t\t\t\t\t\t\t\t<p>\u00a9 Armentano Desarrollos Inmobiliarios | Todos los derechos reservados.<\/p>\t\t\t\t\t\t\t\t<\/div>\n\t\t\t\t<\/div>\n\t\t\t\t\t<\/div>\n\t\t\t\t<\/div>\n\t\t\t\t<\/div>\n\t\t","protected":false},"excerpt":{"rendered":"<p>El primer complejo residencial ecofriendly de Maip\u00fa. MICR\u00d3POLIS MAIP\u00daPrimer complejo residencial ecofriendly de Maip\u00fa 70 UNIDADES Desde 60m2 AMENITIES Seguridad<\/p>","protected":false},"author":1,"featured_media":0,"parent":0,"menu_order":0,"comment_status":"closed","ping_status":"closed","template":"elementor_canvas","meta":{"footnotes":""},"class_list":["post-697","page","type-page","status-publish","hentry"],"_links":{"self":[{"href":"https:\/\/armentanodesarrollos.com\/en\/wp-json\/wp\/v2\/pages\/697","targetHints":{"allow":["GET"]}}],"collection":[{"href":"https:\/\/armentanodesarrollos.com\/en\/wp-json\/wp\/v2\/pages"}],"about":[{"href":"https:\/\/armentanodesarrollos.com\/en\/wp-json\/wp\/v2\/types\/page"}],"author":[{"embeddable":true,"href":"https:\/\/armentanodesarrollos.com\/en\/wp-json\/wp\/v2\/users\/1"}],"replies":[{"embeddable":true,"href":"https:\/\/armentanodesarrollos.com\/en\/wp-json\/wp\/v2\/comments?post=697"}],"version-history":[{"count":94,"href":"https:\/\/armentanodesarrollos.com\/en\/wp-json\/wp\/v2\/pages\/697\/revisions"}],"predecessor-version":[{"id":2319,"href":"https:\/\/armentanodesarrollos.com\/en\/wp-json\/wp\/v2\/pages\/697\/revisions\/2319"}],"wp:attachment":[{"href":"https:\/\/armentanodesarrollos.com\/en\/wp-json\/wp\/v2\/media?parent=697"}],"curies":[{"name":"wp","href":"https:\/\/api.w.org\/{rel}","templated":true}]}}